{"id":108,"date":"2015-05-17T19:32:33","date_gmt":"2015-05-17T17:32:33","guid":{"rendered":"http:\/\/autoservice-kaborn.de\/wordpress\/?page_id=108"},"modified":"2017-10-13T19:32:18","modified_gmt":"2017-10-13T17:32:18","slug":"geschaeftszeiten","status":"publish","type":"page","link":"https:\/\/autoservice-grevenbroich.de\/wordpress\/geschaeftszeiten\/","title":{"rendered":"Gesch\u00e4ftszeiten"},"content":{"rendered":"<h3><a name=\"0000019b0f0ff2e09\"><\/a>Wir sind f\u00fcr Sie da:<\/h3>\n<div class=\"paragraph\">\n<p>Unser B\u00fcro und die Werkstatt sind zu den folgenden Zeiten ge\u00f6ffnet:<a href=\"http:\/\/autoservice-kaborn.de\/wordpress\/wp-content\/uploads\/2015\/05\/Chronograph.jpg\"><img loading=\"lazy\" width=\"204\" height=\"136\" class=\"wp-image-321 alignright\" alt=\"Chronograph\" src=\"http:\/\/autoservice-kaborn.de\/wordpress\/wp-content\/uploads\/2015\/05\/Chronograph.jpg\" srcset=\"https:\/\/autoservice-grevenbroich.de\/wordpress\/wp-content\/uploads\/2015\/05\/Chronograph.jpg 640w, https:\/\/autoservice-grevenbroich.de\/wordpress\/wp-content\/uploads\/2015\/05\/Chronograph-300x200.jpg 300w\" sizes=\"(max-width: 204px) 100vw, 204px\" \/><\/a><\/p>\n<\/div>\n<ul>\n<li class=\"sidepicture\">Mo &#8211; Fr 08:00 Uhr bis 13:00 Uhr und von 14:00 Uhr bis 17:00 Uhr<\/li>\n<\/ul>\n","protected":false},"excerpt":{"rendered":"<p>Wir sind f\u00fcr Sie da: Unser B\u00fcro und die Werkstatt sind zu den folgenden Zeiten ge\u00f6ffnet: Mo &#8211; Fr 08:00 Uhr bis 13:00 Uhr und von 14:00 Uhr bis 17:00 Uhr<\/p>\n","protected":false},"author":1,"featured_media":0,"parent":0,"menu_order":0,"comment_status":"closed","ping_status":"closed","template":"","meta":[],"_links":{"self":[{"href":"https:\/\/autoservice-grevenbroich.de\/wordpress\/wp-json\/wp\/v2\/pages\/108"}],"collection":[{"href":"https:\/\/autoservice-grevenbroich.de\/wordpress\/wp-json\/wp\/v2\/pages"}],"about":[{"href":"https:\/\/autoservice-grevenbroich.de\/wordpress\/wp-json\/wp\/v2\/types\/page"}],"author":[{"embeddable":true,"href":"https:\/\/autoservice-grevenbroich.de\/wordpress\/wp-json\/wp\/v2\/users\/1"}],"replies":[{"embeddable":true,"href":"https:\/\/autoservice-grevenbroich.de\/wordpress\/wp-json\/wp\/v2\/comments?post=108"}],"version-history":[{"count":8,"href":"https:\/\/autoservice-grevenbroich.de\/wordpress\/wp-json\/wp\/v2\/pages\/108\/revisions"}],"predecessor-version":[{"id":354,"href":"https:\/\/autoservice-grevenbroich.de\/wordpress\/wp-json\/wp\/v2\/pages\/108\/revisions\/354"}],"wp:attachment":[{"href":"https:\/\/autoservice-grevenbroich.de\/wordpress\/wp-json\/wp\/v2\/media?parent=108"}],"curies":[{"name":"wp","href":"https:\/\/api.w.org\/{rel}","templated":true}]}}