{"id":118,"date":"2015-05-17T19:45:11","date_gmt":"2015-05-17T17:45:11","guid":{"rendered":"http:\/\/autoservice-kaborn.de\/wordpress\/?page_id=118"},"modified":"2016-04-17T21:56:44","modified_gmt":"2016-04-17T19:56:44","slug":"ueber-uns-2","status":"publish","type":"page","link":"https:\/\/autoservice-grevenbroich.de\/wordpress\/ueber-uns-2\/","title":{"rendered":"\u00dcber uns"},"content":{"rendered":"<h3>\u00a0KFZ-Arbeiten aller Art<\/h3>\n<div class=\"sidepicture\"><a href=\"http:\/\/autoservice-kaborn.de\/wordpress\/wp-content\/uploads\/2015\/05\/Mechaniker_hochkant.jpg\"><img loading=\"lazy\" class=\"alignleft wp-image-314 \" src=\"http:\/\/autoservice-kaborn.de\/wordpress\/wp-content\/uploads\/2015\/05\/Mechaniker_hochkant.jpg\" width=\"217\" height=\"300\" srcset=\"https:\/\/autoservice-grevenbroich.de\/wordpress\/wp-content\/uploads\/2015\/05\/Mechaniker_hochkant.jpg 996w, https:\/\/autoservice-grevenbroich.de\/wordpress\/wp-content\/uploads\/2015\/05\/Mechaniker_hochkant-217x300.jpg 217w, https:\/\/autoservice-grevenbroich.de\/wordpress\/wp-content\/uploads\/2015\/05\/Mechaniker_hochkant-768x1062.jpg 768w, https:\/\/autoservice-grevenbroich.de\/wordpress\/wp-content\/uploads\/2015\/05\/Mechaniker_hochkant-741x1024.jpg 741w\" sizes=\"(max-width: 217px) 100vw, 217px\" \/><\/a><\/div>\n<div class=\"sidepicture\">Als freie Kfz-Werkstatt sind wir nicht Marken- oder Herstellergebunden. F\u00fcr Sie bedeutet das voller Serviceumfang zu fairen Preisen.<\/div>\n<div class=\"sidepicture\">Von der Abgasuntersuchung (AU) und T\u00dcV-Pr\u00fcfung, kleinen und gro\u00dfen Reparaturen, der Unfall-Instandsetzung bis hin zum Einbau von Zubeh\u00f6r und Extras: <strong>Wir k\u00fcmmern uns kompetent und zuverl\u00e4ssig um alle Belange Ihrer Fahrzeuge.<br \/>\n<\/strong><\/div>\n<div class=\"sidepicture\">Was auch immer Sie zu uns f\u00fchrt, bei uns werden Qualit\u00e4t und die Zufriedenheit unserer Kunden gro\u00df geschrieben.<\/div>\n<div class=\"sidepicture\">Massenabfertigungen sind nicht unser Ding: Wir nehmen uns immer die Zeit, um auf Ihre W\u00fcnsche einzugehen und Sie umfassend zu beraten. Das Fahrzeug spielt dabei keine Rolle. Ob neu oder alt, wir helfen Ihnen gerne.<\/div>\n<p>&nbsp;<\/p>\n","protected":false},"excerpt":{"rendered":"<p>\u00a0KFZ-Arbeiten aller Art Als freie Kfz-Werkstatt sind wir nicht Marken- oder Herstellergebunden. F\u00fcr Sie bedeutet das voller Serviceumfang zu fairen Preisen. Von der Abgasuntersuchung (AU) und T\u00dcV-Pr\u00fcfung, kleinen und gro\u00dfen Reparaturen, der Unfall-Instandsetzung bis hin zum Einbau von Zubeh\u00f6r und Extras: Wir k\u00fcmmern uns kompetent und zuverl\u00e4ssig um alle Belange Ihrer Fahrzeuge. Was auch immer [&hellip;]<\/p>\n","protected":false},"author":1,"featured_media":0,"parent":0,"menu_order":0,"comment_status":"closed","ping_status":"closed","template":"","meta":[],"_links":{"self":[{"href":"https:\/\/autoservice-grevenbroich.de\/wordpress\/wp-json\/wp\/v2\/pages\/118"}],"collection":[{"href":"https:\/\/autoservice-grevenbroich.de\/wordpress\/wp-json\/wp\/v2\/pages"}],"about":[{"href":"https:\/\/autoservice-grevenbroich.de\/wordpress\/wp-json\/wp\/v2\/types\/page"}],"author":[{"embeddable":true,"href":"https:\/\/autoservice-grevenbroich.de\/wordpress\/wp-json\/wp\/v2\/users\/1"}],"replies":[{"embeddable":true,"href":"https:\/\/autoservice-grevenbroich.de\/wordpress\/wp-json\/wp\/v2\/comments?post=118"}],"version-history":[{"count":6,"href":"https:\/\/autoservice-grevenbroich.de\/wordpress\/wp-json\/wp\/v2\/pages\/118\/revisions"}],"predecessor-version":[{"id":319,"href":"https:\/\/autoservice-grevenbroich.de\/wordpress\/wp-json\/wp\/v2\/pages\/118\/revisions\/319"}],"wp:attachment":[{"href":"https:\/\/autoservice-grevenbroich.de\/wordpress\/wp-json\/wp\/v2\/media?parent=118"}],"curies":[{"name":"wp","href":"https:\/\/api.w.org\/{rel}","templated":true}]}}