{"id":149,"date":"2015-05-17T21:18:33","date_gmt":"2015-05-17T19:18:33","guid":{"rendered":"http:\/\/autoservice-kaborn.de\/wordpress\/?page_id=149"},"modified":"2016-04-17T20:29:53","modified_gmt":"2016-04-17T18:29:53","slug":"hu-und-au","status":"publish","type":"page","link":"https:\/\/autoservice-grevenbroich.de\/wordpress\/hu-und-au\/","title":{"rendered":"Inspektionen, HU und AU"},"content":{"rendered":"<h2>Inspektionen<\/h2>\n<p><a href=\"http:\/\/autoservice-kaborn.de\/wordpress\/wp-content\/uploads\/2015\/05\/TUEV-Schild.jpg\"><img loading=\"lazy\" class=\" wp-image-49 alignleft\" src=\"http:\/\/autoservice-kaborn.de\/wordpress\/wp-content\/uploads\/2015\/05\/TUEV-Schild.jpg\" alt=\"TUEV-Schild\" width=\"141\" height=\"212\" \/><\/a><\/p>\n<p>Bei Ihrem Wagen ist eine Inspektion f\u00e4llig? Eine sorgf\u00e4ltige Durchsicht stellt sicher, dass nur defekte und verschlissene Teile repariert oder getauscht werden. Garantiert!<\/p>\n<p>Und dabei ist es egal, welches Fahrzeugfabrikat Sie in unsere Werkstatt bringen, bei uns werden alle Inspektionen durchgef\u00fchrt. Nach Herstellervorgaben und mit europaweiter Mobilit\u00e4tsgarantie.<\/p>\n<p>&nbsp;<\/p>\n<hr \/>\n<p>&nbsp;<\/p>\n<h2>HU und AU<\/h2>\n<p><a href=\"http:\/\/autoservice-kaborn.de\/wordpress\/wp-content\/uploads\/2015\/05\/tuev_plakette_1964.jpg\"><img loading=\"lazy\" class=\" wp-image-48 alignleft\" src=\"http:\/\/autoservice-kaborn.de\/wordpress\/wp-content\/uploads\/2015\/05\/tuev_plakette_1964-300x286.jpg\" alt=\"tuev_plakette_1964\" width=\"139\" height=\"133\" srcset=\"https:\/\/autoservice-grevenbroich.de\/wordpress\/wp-content\/uploads\/2015\/05\/tuev_plakette_1964-300x286.jpg 300w, https:\/\/autoservice-grevenbroich.de\/wordpress\/wp-content\/uploads\/2015\/05\/tuev_plakette_1964.jpg 800w\" sizes=\"(max-width: 139px) 100vw, 139px\" \/><\/a>Bei uns erhalten Sie den kompletten Service: Wir bereiten Ihr Fahrzeug nicht nur f\u00fcr die T\u00dcV-Abnahme vor, sondern \u00fcbernehmen auf Wunsch auch die Vorf\u00fchrung beim T\u00dcV Rheinland bei uns im Hause f\u00fcr Sie.<br \/>\nDie Abgasuntersuchungen f\u00fchren wir bei uns im Hause durch. Schauen Sie bei Ihrem n\u00e4chsten, f\u00e4lligen Termin vorbei und melden Sie sich zur Hauptuntersuchung vor Ort\u00a0an.<\/p>\n<p>&nbsp;<\/p>\n","protected":false},"excerpt":{"rendered":"<p>Inspektionen Bei Ihrem Wagen ist eine Inspektion f\u00e4llig? Eine sorgf\u00e4ltige Durchsicht stellt sicher, dass nur defekte und verschlissene Teile repariert oder getauscht werden. Garantiert! Und dabei ist es egal, welches Fahrzeugfabrikat Sie in unsere Werkstatt bringen, bei uns werden alle Inspektionen durchgef\u00fchrt. Nach Herstellervorgaben und mit europaweiter Mobilit\u00e4tsgarantie. &nbsp; &nbsp; HU und AU Bei uns [&hellip;]<\/p>\n","protected":false},"author":1,"featured_media":0,"parent":0,"menu_order":0,"comment_status":"closed","ping_status":"closed","template":"","meta":{"ngg_post_thumbnail":0},"yoast_head":"<!-- This site is optimized with the Yoast SEO plugin v18.4.1 - https:\/\/yoast.com\/wordpress\/plugins\/seo\/ -->\n<title>Inspektionen, HU und AU - Autoservice-Grevenbroich.de<\/title>\n<meta name=\"robots\" content=\"index, follow, max-snippet:-1, max-image-preview:large, max-video-preview:-1\" \/>\n<link rel=\"canonical\" href=\"https:\/\/autoservice-grevenbroich.de\/wordpress\/hu-und-au\/\" \/>\n<meta property=\"og:locale\" content=\"de_DE\" \/>\n<meta property=\"og:type\" content=\"article\" \/>\n<meta property=\"og:title\" content=\"Inspektionen, HU und AU - Autoservice-Grevenbroich.de\" \/>\n<meta property=\"og:description\" content=\"Inspektionen Bei Ihrem Wagen ist eine Inspektion f\u00e4llig? Eine sorgf\u00e4ltige Durchsicht stellt sicher, dass nur defekte und verschlissene Teile repariert oder getauscht werden. Garantiert! Und dabei ist es egal, welches Fahrzeugfabrikat Sie in unsere Werkstatt bringen, bei uns werden alle Inspektionen durchgef\u00fchrt. Nach Herstellervorgaben und mit europaweiter Mobilit\u00e4tsgarantie. &nbsp; &nbsp; HU und AU Bei uns [&hellip;]\" \/>\n<meta property=\"og:url\" content=\"https:\/\/autoservice-grevenbroich.de\/wordpress\/hu-und-au\/\" \/>\n<meta property=\"og:site_name\" content=\"Autoservice-Grevenbroich.de\" \/>\n<meta property=\"article:modified_time\" content=\"2016-04-17T18:29:53+00:00\" \/>\n<meta property=\"og:image\" content=\"http:\/\/autoservice-kaborn.de\/wordpress\/wp-content\/uploads\/2015\/05\/TUEV-Schild.jpg\" \/>\n<meta name=\"twitter:card\" content=\"summary_large_image\" \/>\n<meta name=\"twitter:label1\" content=\"Gesch\u00e4tzte Lesezeit\" \/>\n\t<meta name=\"twitter:data1\" content=\"1\u00a0Minute\" \/>\n<script type=\"application\/ld+json\" class=\"yoast-schema-graph\">{\"@context\":\"https:\/\/schema.org\",\"@graph\":[{\"@type\":\"Organization\",\"@id\":\"https:\/\/autoservice-grevenbroich.de\/wordpress\/#organization\",\"name\":\"Autoservice Grevenbroich\",\"url\":\"https:\/\/autoservice-grevenbroich.de\/wordpress\/\",\"sameAs\":[],\"logo\":{\"@type\":\"ImageObject\",\"@id\":\"https:\/\/autoservice-grevenbroich.de\/wordpress\/#logo\",\"inLanguage\":\"de\",\"url\":\"https:\/\/autoservice-grevenbroich.de\/wordpress\/wp-content\/uploads\/2019\/11\/Logo_Autoservice-Grevenbroich.png\",\"contentUrl\":\"https:\/\/autoservice-grevenbroich.de\/wordpress\/wp-content\/uploads\/2019\/11\/Logo_Autoservice-Grevenbroich.png\",\"width\":320,\"height\":93,\"caption\":\"Autoservice Grevenbroich\"},\"image\":{\"@id\":\"https:\/\/autoservice-grevenbroich.de\/wordpress\/#logo\"}},{\"@type\":\"WebSite\",\"@id\":\"https:\/\/autoservice-grevenbroich.de\/wordpress\/#website\",\"url\":\"https:\/\/autoservice-grevenbroich.de\/wordpress\/\",\"name\":\"Autoservice-Grevenbroich.de\",\"description\":\"\",\"publisher\":{\"@id\":\"https:\/\/autoservice-grevenbroich.de\/wordpress\/#organization\"},\"potentialAction\":[{\"@type\":\"SearchAction\",\"target\":{\"@type\":\"EntryPoint\",\"urlTemplate\":\"https:\/\/autoservice-grevenbroich.de\/wordpress\/?s={search_term_string}\"},\"query-input\":\"required name=search_term_string\"}],\"inLanguage\":\"de\"},{\"@type\":\"ImageObject\",\"@id\":\"https:\/\/autoservice-grevenbroich.de\/wordpress\/hu-und-au\/#primaryimage\",\"inLanguage\":\"de\",\"url\":\"http:\/\/autoservice-kaborn.de\/wordpress\/wp-content\/uploads\/2015\/05\/TUEV-Schild.jpg\",\"contentUrl\":\"http:\/\/autoservice-kaborn.de\/wordpress\/wp-content\/uploads\/2015\/05\/TUEV-Schild.jpg\"},{\"@type\":\"WebPage\",\"@id\":\"https:\/\/autoservice-grevenbroich.de\/wordpress\/hu-und-au\/#webpage\",\"url\":\"https:\/\/autoservice-grevenbroich.de\/wordpress\/hu-und-au\/\",\"name\":\"Inspektionen, HU und AU - Autoservice-Grevenbroich.de\",\"isPartOf\":{\"@id\":\"https:\/\/autoservice-grevenbroich.de\/wordpress\/#website\"},\"primaryImageOfPage\":{\"@id\":\"https:\/\/autoservice-grevenbroich.de\/wordpress\/hu-und-au\/#primaryimage\"},\"datePublished\":\"2015-05-17T19:18:33+00:00\",\"dateModified\":\"2016-04-17T18:29:53+00:00\",\"breadcrumb\":{\"@id\":\"https:\/\/autoservice-grevenbroich.de\/wordpress\/hu-und-au\/#breadcrumb\"},\"inLanguage\":\"de\",\"potentialAction\":[{\"@type\":\"ReadAction\",\"target\":[\"https:\/\/autoservice-grevenbroich.de\/wordpress\/hu-und-au\/\"]}]},{\"@type\":\"BreadcrumbList\",\"@id\":\"https:\/\/autoservice-grevenbroich.de\/wordpress\/hu-und-au\/#breadcrumb\",\"itemListElement\":[{\"@type\":\"ListItem\",\"position\":1,\"name\":\"Startseite\",\"item\":\"https:\/\/autoservice-grevenbroich.de\/wordpress\/\"},{\"@type\":\"ListItem\",\"position\":2,\"name\":\"Inspektionen, HU und AU\"}]}]}<\/script>\n<!-- \/ Yoast SEO plugin. -->","yoast_head_json":{"title":"Inspektionen, HU und AU - Autoservice-Grevenbroich.de","robots":{"index":"index","follow":"follow","max-snippet":"max-snippet:-1","max-image-preview":"max-image-preview:large","max-video-preview":"max-video-preview:-1"},"canonical":"https:\/\/autoservice-grevenbroich.de\/wordpress\/hu-und-au\/","og_locale":"de_DE","og_type":"article","og_title":"Inspektionen, HU und AU - Autoservice-Grevenbroich.de","og_description":"Inspektionen Bei Ihrem Wagen ist eine Inspektion f\u00e4llig? Eine sorgf\u00e4ltige Durchsicht stellt sicher, dass nur defekte und verschlissene Teile repariert oder getauscht werden. Garantiert! Und dabei ist es egal, welches Fahrzeugfabrikat Sie in unsere Werkstatt bringen, bei uns werden alle Inspektionen durchgef\u00fchrt. Nach Herstellervorgaben und mit europaweiter Mobilit\u00e4tsgarantie. &nbsp; &nbsp; HU und AU Bei uns [&hellip;]","og_url":"https:\/\/autoservice-grevenbroich.de\/wordpress\/hu-und-au\/","og_site_name":"Autoservice-Grevenbroich.de","article_modified_time":"2016-04-17T18:29:53+00:00","og_image":[{"url":"http:\/\/autoservice-kaborn.de\/wordpress\/wp-content\/uploads\/2015\/05\/TUEV-Schild.jpg"}],"twitter_card":"summary_large_image","twitter_misc":{"Gesch\u00e4tzte Lesezeit":"1\u00a0Minute"},"schema":{"@context":"https:\/\/schema.org","@graph":[{"@type":"Organization","@id":"https:\/\/autoservice-grevenbroich.de\/wordpress\/#organization","name":"Autoservice Grevenbroich","url":"https:\/\/autoservice-grevenbroich.de\/wordpress\/","sameAs":[],"logo":{"@type":"ImageObject","@id":"https:\/\/autoservice-grevenbroich.de\/wordpress\/#logo","inLanguage":"de","url":"https:\/\/autoservice-grevenbroich.de\/wordpress\/wp-content\/uploads\/2019\/11\/Logo_Autoservice-Grevenbroich.png","contentUrl":"https:\/\/autoservice-grevenbroich.de\/wordpress\/wp-content\/uploads\/2019\/11\/Logo_Autoservice-Grevenbroich.png","width":320,"height":93,"caption":"Autoservice Grevenbroich"},"image":{"@id":"https:\/\/autoservice-grevenbroich.de\/wordpress\/#logo"}},{"@type":"WebSite","@id":"https:\/\/autoservice-grevenbroich.de\/wordpress\/#website","url":"https:\/\/autoservice-grevenbroich.de\/wordpress\/","name":"Autoservice-Grevenbroich.de","description":"","publisher":{"@id":"https:\/\/autoservice-grevenbroich.de\/wordpress\/#organization"},"potentialAction":[{"@type":"SearchAction","target":{"@type":"EntryPoint","urlTemplate":"https:\/\/autoservice-grevenbroich.de\/wordpress\/?s={search_term_string}"},"query-input":"required name=search_term_string"}],"inLanguage":"de"},{"@type":"ImageObject","@id":"https:\/\/autoservice-grevenbroich.de\/wordpress\/hu-und-au\/#primaryimage","inLanguage":"de","url":"http:\/\/autoservice-kaborn.de\/wordpress\/wp-content\/uploads\/2015\/05\/TUEV-Schild.jpg","contentUrl":"http:\/\/autoservice-kaborn.de\/wordpress\/wp-content\/uploads\/2015\/05\/TUEV-Schild.jpg"},{"@type":"WebPage","@id":"https:\/\/autoservice-grevenbroich.de\/wordpress\/hu-und-au\/#webpage","url":"https:\/\/autoservice-grevenbroich.de\/wordpress\/hu-und-au\/","name":"Inspektionen, HU und AU - Autoservice-Grevenbroich.de","isPartOf":{"@id":"https:\/\/autoservice-grevenbroich.de\/wordpress\/#website"},"primaryImageOfPage":{"@id":"https:\/\/autoservice-grevenbroich.de\/wordpress\/hu-und-au\/#primaryimage"},"datePublished":"2015-05-17T19:18:33+00:00","dateModified":"2016-04-17T18:29:53+00:00","breadcrumb":{"@id":"https:\/\/autoservice-grevenbroich.de\/wordpress\/hu-und-au\/#breadcrumb"},"inLanguage":"de","potentialAction":[{"@type":"ReadAction","target":["https:\/\/autoservice-grevenbroich.de\/wordpress\/hu-und-au\/"]}]},{"@type":"BreadcrumbList","@id":"https:\/\/autoservice-grevenbroich.de\/wordpress\/hu-und-au\/#breadcrumb","itemListElement":[{"@type":"ListItem","position":1,"name":"Startseite","item":"https:\/\/autoservice-grevenbroich.de\/wordpress\/"},{"@type":"ListItem","position":2,"name":"Inspektionen, HU und AU"}]}]}},"_links":{"self":[{"href":"https:\/\/autoservice-grevenbroich.de\/wordpress\/wp-json\/wp\/v2\/pages\/149"}],"collection":[{"href":"https:\/\/autoservice-grevenbroich.de\/wordpress\/wp-json\/wp\/v2\/pages"}],"about":[{"href":"https:\/\/autoservice-grevenbroich.de\/wordpress\/wp-json\/wp\/v2\/types\/page"}],"author":[{"embeddable":true,"href":"https:\/\/autoservice-grevenbroich.de\/wordpress\/wp-json\/wp\/v2\/users\/1"}],"replies":[{"embeddable":true,"href":"https:\/\/autoservice-grevenbroich.de\/wordpress\/wp-json\/wp\/v2\/comments?post=149"}],"version-history":[{"count":10,"href":"https:\/\/autoservice-grevenbroich.de\/wordpress\/wp-json\/wp\/v2\/pages\/149\/revisions"}],"predecessor-version":[{"id":296,"href":"https:\/\/autoservice-grevenbroich.de\/wordpress\/wp-json\/wp\/v2\/pages\/149\/revisions\/296"}],"wp:attachment":[{"href":"https:\/\/autoservice-grevenbroich.de\/wordpress\/wp-json\/wp\/v2\/media?parent=149"}],"curies":[{"name":"wp","href":"https:\/\/api.w.org\/{rel}","templated":true}]}}