{"id":151,"date":"2015-05-17T21:21:00","date_gmt":"2015-05-17T19:21:00","guid":{"rendered":"http:\/\/autoservice-kaborn.de\/wordpress\/?page_id=151"},"modified":"2016-04-17T20:27:51","modified_gmt":"2016-04-17T18:27:51","slug":"unfall-instandsetzung","status":"publish","type":"page","link":"https:\/\/autoservice-grevenbroich.de\/wordpress\/unfall-instandsetzung\/","title":{"rendered":"Reparaturen, Unfall-Instandsetzung"},"content":{"rendered":"<h2>Reparaturen<\/h2>\n<p><a href=\"http:\/\/autoservice-kaborn.de\/wordpress\/wp-content\/uploads\/2015\/05\/Hand_Mechaniker.jpg\"><img loading=\"lazy\" class=\"alignleft wp-image-276 \" src=\"http:\/\/autoservice-kaborn.de\/wordpress\/wp-content\/uploads\/2015\/05\/Hand_Mechaniker.jpg\" width=\"361\" height=\"244\" srcset=\"https:\/\/autoservice-grevenbroich.de\/wordpress\/wp-content\/uploads\/2015\/05\/Hand_Mechaniker.jpg 1920w, https:\/\/autoservice-grevenbroich.de\/wordpress\/wp-content\/uploads\/2015\/05\/Hand_Mechaniker-300x203.jpg 300w, https:\/\/autoservice-grevenbroich.de\/wordpress\/wp-content\/uploads\/2015\/05\/Hand_Mechaniker-768x520.jpg 768w, https:\/\/autoservice-grevenbroich.de\/wordpress\/wp-content\/uploads\/2015\/05\/Hand_Mechaniker-1024x693.jpg 1024w\" sizes=\"(max-width: 361px) 100vw, 361px\" \/><\/a>Wir reparieren seit gut 15 Jahren Autos aller Fabrikate und k\u00f6nne\u00a0auf einen gro\u00dfen Erfahrungsschatz \u00fcber Krafzfahrzeuge aller Art zur\u00fcckgreifen.<br \/>\nWichtig ist zun\u00e4chst eine sorgf\u00e4ltige Fehlerdiagnose, denn manchmal sind es nur kleine Fehler oder M\u00e4ngel, die mit wenigen Handgriffen repariert und beseitigt werden k\u00f6nnen.\u00a0Eine Reparatur ist oftmals kosteng\u00fcnstiger, als ein gro\u00dffl\u00e4chiger und aufwendiger Austausch von Ersatzeilen.<\/p>\n<p>\u00dcber unserer Partner k\u00f6nnen wir die dabei ben\u00f6tigten Ersatzteile zu hervorragenden Konditionen in Erstausr\u00fcsterqualit\u00e4t erhalten.<\/p>\n<hr \/>\n<h2>Unfall-Instandsetzung<\/h2>\n<p><a href=\"http:\/\/autoservice-kaborn.de\/wordpress\/wp-content\/uploads\/2015\/05\/Wagenheber.jpg\"><img loading=\"lazy\" class=\"wp-image-278 alignleft\" src=\"http:\/\/autoservice-kaborn.de\/wordpress\/wp-content\/uploads\/2015\/05\/Wagenheber.jpg\" width=\"360\" height=\"247\" srcset=\"https:\/\/autoservice-grevenbroich.de\/wordpress\/wp-content\/uploads\/2015\/05\/Wagenheber.jpg 1920w, https:\/\/autoservice-grevenbroich.de\/wordpress\/wp-content\/uploads\/2015\/05\/Wagenheber-300x205.jpg 300w, https:\/\/autoservice-grevenbroich.de\/wordpress\/wp-content\/uploads\/2015\/05\/Wagenheber-768x526.jpg 768w, https:\/\/autoservice-grevenbroich.de\/wordpress\/wp-content\/uploads\/2015\/05\/Wagenheber-1024x701.jpg 1024w\" sizes=\"(max-width: 360px) 100vw, 360px\" \/><\/a><\/p>\n<p>Egal ob Schuld oder nicht Schuld, Unf\u00e4lle sind immer \u00e4rgerlich. Aber wenn es schon passiert, dann sollten Sie sich wenigstens sicher sein, dass Ihr Fahrzeug ohne M\u00e4ngel fachgerecht und kompetent repariert wird.<\/p>\n<p>Notwendige Lackierarbieten sprechen wir mit unseren Partnerbetrieben in unmittelbarer N\u00e4he zur Werkstatt ab.<\/p>\n","protected":false},"excerpt":{"rendered":"<p>Reparaturen Wir reparieren seit gut 15 Jahren Autos aller Fabrikate und k\u00f6nne\u00a0auf einen gro\u00dfen Erfahrungsschatz \u00fcber Krafzfahrzeuge aller Art zur\u00fcckgreifen. Wichtig ist zun\u00e4chst eine sorgf\u00e4ltige Fehlerdiagnose, denn manchmal sind es nur kleine Fehler oder M\u00e4ngel, die mit wenigen Handgriffen repariert und beseitigt werden k\u00f6nnen.\u00a0Eine Reparatur ist oftmals kosteng\u00fcnstiger, als ein gro\u00dffl\u00e4chiger und aufwendiger Austausch von [&hellip;]<\/p>\n","protected":false},"author":1,"featured_media":0,"parent":0,"menu_order":0,"comment_status":"closed","ping_status":"closed","template":"","meta":[],"_links":{"self":[{"href":"https:\/\/autoservice-grevenbroich.de\/wordpress\/wp-json\/wp\/v2\/pages\/151"}],"collection":[{"href":"https:\/\/autoservice-grevenbroich.de\/wordpress\/wp-json\/wp\/v2\/pages"}],"about":[{"href":"https:\/\/autoservice-grevenbroich.de\/wordpress\/wp-json\/wp\/v2\/types\/page"}],"author":[{"embeddable":true,"href":"https:\/\/autoservice-grevenbroich.de\/wordpress\/wp-json\/wp\/v2\/users\/1"}],"replies":[{"embeddable":true,"href":"https:\/\/autoservice-grevenbroich.de\/wordpress\/wp-json\/wp\/v2\/comments?post=151"}],"version-history":[{"count":11,"href":"https:\/\/autoservice-grevenbroich.de\/wordpress\/wp-json\/wp\/v2\/pages\/151\/revisions"}],"predecessor-version":[{"id":293,"href":"https:\/\/autoservice-grevenbroich.de\/wordpress\/wp-json\/wp\/v2\/pages\/151\/revisions\/293"}],"wp:attachment":[{"href":"https:\/\/autoservice-grevenbroich.de\/wordpress\/wp-json\/wp\/v2\/media?parent=151"}],"curies":[{"name":"wp","href":"https:\/\/api.w.org\/{rel}","templated":true}]}}