{"id":153,"date":"2015-05-17T21:18:18","date_gmt":"2015-05-17T19:18:18","guid":{"rendered":"http:\/\/autoservice-kaborn.de\/wordpress\/?page_id=153"},"modified":"2016-04-17T19:34:08","modified_gmt":"2016-04-17T17:34:08","slug":"elektronik-diagnose","status":"publish","type":"page","link":"https:\/\/autoservice-grevenbroich.de\/wordpress\/elektronik-diagnose\/","title":{"rendered":"Elektronik Diagnose"},"content":{"rendered":"<p><a href=\"http:\/\/autoservice-kaborn.de\/wordpress\/wp-content\/uploads\/2015\/05\/Diagnosegeraet.jpg\"><img loading=\"lazy\" class=\"alignleft wp-image-269 \" src=\"http:\/\/autoservice-kaborn.de\/wordpress\/wp-content\/uploads\/2015\/05\/Diagnosegeraet.jpg\" width=\"360\" height=\"240\" srcset=\"https:\/\/autoservice-grevenbroich.de\/wordpress\/wp-content\/uploads\/2015\/05\/Diagnosegeraet.jpg 1280w, https:\/\/autoservice-grevenbroich.de\/wordpress\/wp-content\/uploads\/2015\/05\/Diagnosegeraet-300x200.jpg 300w, https:\/\/autoservice-grevenbroich.de\/wordpress\/wp-content\/uploads\/2015\/05\/Diagnosegeraet-768x512.jpg 768w, https:\/\/autoservice-grevenbroich.de\/wordpress\/wp-content\/uploads\/2015\/05\/Diagnosegeraet-1024x682.jpg 1024w\" sizes=\"(max-width: 360px) 100vw, 360px\" \/><\/a>Um auch f\u00fcr die neuesten Modelle und eine ausgereifte Fehlerdiagnose ger\u00fcstet zu sein, halten wir f\u00fcr Sie stets aktuelle Ausleseger\u00e4te bereit. Ebenso wie die Fachwerkst\u00e4tten sind wir mittels dieser Technik in der Lage, die entsprechenden Fehler zu diagnostizieren.<\/p>\n<p>Reparaturen erfolgen bei uns in den meisten F\u00e4llen g\u00fcnstiger als bei Ihrer Vertragswerkstatt, da wir \u00fcber unserer Partner die gleichen Teile zu hervorragenden Konditionen in Erstausr\u00fcsterqualit\u00e4t erhalten.<\/p>\n","protected":false},"excerpt":{"rendered":"<p>Um auch f\u00fcr die neuesten Modelle und eine ausgereifte Fehlerdiagnose ger\u00fcstet zu sein, halten wir f\u00fcr Sie stets aktuelle Ausleseger\u00e4te bereit. Ebenso wie die Fachwerkst\u00e4tten sind wir mittels dieser Technik in der Lage, die entsprechenden Fehler zu diagnostizieren. Reparaturen erfolgen bei uns in den meisten F\u00e4llen g\u00fcnstiger als bei Ihrer Vertragswerkstatt, da wir \u00fcber unserer [&hellip;]<\/p>\n","protected":false},"author":1,"featured_media":0,"parent":0,"menu_order":0,"comment_status":"closed","ping_status":"closed","template":"","meta":[],"_links":{"self":[{"href":"https:\/\/autoservice-grevenbroich.de\/wordpress\/wp-json\/wp\/v2\/pages\/153"}],"collection":[{"href":"https:\/\/autoservice-grevenbroich.de\/wordpress\/wp-json\/wp\/v2\/pages"}],"about":[{"href":"https:\/\/autoservice-grevenbroich.de\/wordpress\/wp-json\/wp\/v2\/types\/page"}],"author":[{"embeddable":true,"href":"https:\/\/autoservice-grevenbroich.de\/wordpress\/wp-json\/wp\/v2\/users\/1"}],"replies":[{"embeddable":true,"href":"https:\/\/autoservice-grevenbroich.de\/wordpress\/wp-json\/wp\/v2\/comments?post=153"}],"version-history":[{"count":5,"href":"https:\/\/autoservice-grevenbroich.de\/wordpress\/wp-json\/wp\/v2\/pages\/153\/revisions"}],"predecessor-version":[{"id":275,"href":"https:\/\/autoservice-grevenbroich.de\/wordpress\/wp-json\/wp\/v2\/pages\/153\/revisions\/275"}],"wp:attachment":[{"href":"https:\/\/autoservice-grevenbroich.de\/wordpress\/wp-json\/wp\/v2\/media?parent=153"}],"curies":[{"name":"wp","href":"https:\/\/api.w.org\/{rel}","templated":true}]}}