{"id":155,"date":"2015-05-17T21:19:48","date_gmt":"2015-05-17T19:19:48","guid":{"rendered":"http:\/\/autoservice-kaborn.de\/wordpress\/?page_id=155"},"modified":"2016-04-17T19:33:19","modified_gmt":"2016-04-17T17:33:19","slug":"klimaservice","status":"publish","type":"page","link":"https:\/\/autoservice-grevenbroich.de\/wordpress\/klimaservice\/","title":{"rendered":"Klimaservice"},"content":{"rendered":"<p><a href=\"http:\/\/autoservice-kaborn.de\/wordpress\/wp-content\/uploads\/2015\/05\/Klimaanlage.jpg\"><img loading=\"lazy\" class=\"alignleft wp-image-271\" src=\"http:\/\/autoservice-kaborn.de\/wordpress\/wp-content\/uploads\/2015\/05\/Klimaanlage.jpg\" alt=\"Klimaanlage\" width=\"360\" height=\"270\" srcset=\"https:\/\/autoservice-grevenbroich.de\/wordpress\/wp-content\/uploads\/2015\/05\/Klimaanlage.jpg 800w, https:\/\/autoservice-grevenbroich.de\/wordpress\/wp-content\/uploads\/2015\/05\/Klimaanlage-300x225.jpg 300w, https:\/\/autoservice-grevenbroich.de\/wordpress\/wp-content\/uploads\/2015\/05\/Klimaanlage-768x576.jpg 768w, https:\/\/autoservice-grevenbroich.de\/wordpress\/wp-content\/uploads\/2015\/05\/Klimaanlage-135x100.jpg 135w\" sizes=\"(max-width: 360px) 100vw, 360px\" \/><\/a><br \/>\nDie Autohersteller empfehlen die regelm\u00e4\u00dfige Wartung der Fahrzeugklimaanlage<\/p>\n<p>Wir f\u00fchren diese Wartung, Diagnosen und auch Reparaturen Ihrer Anlage durch.<\/p>\n","protected":false},"excerpt":{"rendered":"<p>Die Autohersteller empfehlen die regelm\u00e4\u00dfige Wartung der Fahrzeugklimaanlage Wir f\u00fchren diese Wartung, Diagnosen und auch Reparaturen Ihrer Anlage durch.<\/p>\n","protected":false},"author":1,"featured_media":0,"parent":0,"menu_order":0,"comment_status":"closed","ping_status":"closed","template":"","meta":[],"_links":{"self":[{"href":"https:\/\/autoservice-grevenbroich.de\/wordpress\/wp-json\/wp\/v2\/pages\/155"}],"collection":[{"href":"https:\/\/autoservice-grevenbroich.de\/wordpress\/wp-json\/wp\/v2\/pages"}],"about":[{"href":"https:\/\/autoservice-grevenbroich.de\/wordpress\/wp-json\/wp\/v2\/types\/page"}],"author":[{"embeddable":true,"href":"https:\/\/autoservice-grevenbroich.de\/wordpress\/wp-json\/wp\/v2\/users\/1"}],"replies":[{"embeddable":true,"href":"https:\/\/autoservice-grevenbroich.de\/wordpress\/wp-json\/wp\/v2\/comments?post=155"}],"version-history":[{"count":5,"href":"https:\/\/autoservice-grevenbroich.de\/wordpress\/wp-json\/wp\/v2\/pages\/155\/revisions"}],"predecessor-version":[{"id":274,"href":"https:\/\/autoservice-grevenbroich.de\/wordpress\/wp-json\/wp\/v2\/pages\/155\/revisions\/274"}],"wp:attachment":[{"href":"https:\/\/autoservice-grevenbroich.de\/wordpress\/wp-json\/wp\/v2\/media?parent=155"}],"curies":[{"name":"wp","href":"https:\/\/api.w.org\/{rel}","templated":true}]}}