{"id":167,"date":"2015-05-17T21:22:19","date_gmt":"2015-05-17T19:22:19","guid":{"rendered":"http:\/\/autoservice-kaborn.de\/wordpress\/?page_id=167"},"modified":"2016-04-17T21:39:24","modified_gmt":"2016-04-17T19:39:24","slug":"kfz-service","status":"publish","type":"page","link":"https:\/\/autoservice-grevenbroich.de\/wordpress\/kfz-service\/","title":{"rendered":"KFZ-Service"},"content":{"rendered":"<div class=\"paragraph\">\n<p><a href=\"http:\/\/autoservice-kaborn.de\/wordpress\/wp-content\/uploads\/2015\/05\/Motorkolben.jpg\"><img loading=\"lazy\" class=\"wp-image-309 alignleft\" src=\"http:\/\/autoservice-kaborn.de\/wordpress\/wp-content\/uploads\/2015\/05\/Motorkolben.jpg\" alt=\"Motorkolben\" width=\"361\" height=\"241\" srcset=\"https:\/\/autoservice-grevenbroich.de\/wordpress\/wp-content\/uploads\/2015\/05\/Motorkolben.jpg 3872w, https:\/\/autoservice-grevenbroich.de\/wordpress\/wp-content\/uploads\/2015\/05\/Motorkolben-300x201.jpg 300w, https:\/\/autoservice-grevenbroich.de\/wordpress\/wp-content\/uploads\/2015\/05\/Motorkolben-768x514.jpg 768w, https:\/\/autoservice-grevenbroich.de\/wordpress\/wp-content\/uploads\/2015\/05\/Motorkolben-1024x685.jpg 1024w\" sizes=\"(max-width: 361px) 100vw, 361px\" \/><\/a>Auf den folgenden Seiten k\u00f6nnen Sie sich einen \u00dcberblick \u00fcber unser umfassendes KFZ-Serviceangebot machen:<\/p>\n<\/div>\n<div class=\"paragraph\">\n<div class=\"teaser\">\n<div class=\"teaserelement\">\n<ul>\n<li class=\"teasertext\"><a href=\"http:\/\/autoservice-kaborn.de\/wordpress\/unfall-instandsetzung\/\">Reparaturen, Unfall-Instandsetzung<\/a><\/li>\n<li class=\"teasertext\"><a href=\"http:\/\/autoservice-kaborn.de\/wordpress\/bremsenservice\/\">Reifen- und Bremsenservice<\/a><\/li>\n<li class=\"teasertext\"><a href=\"http:\/\/autoservice-kaborn.de\/wordpress\/hu-und-au\/\">Inspektion, HU &amp; AU<\/a><\/li>\n<li class=\"teasertext\"><a href=\"http:\/\/autoservice-kaborn.de\/wordpress\/elektronik-diagnose\/\">Elektronik-Diagnose<\/a><\/li>\n<li class=\"teasertext\"><a href=\"http:\/\/autoservice-kaborn.de\/wordpress\/klimaservice\/\">Klimaservice<\/a><\/li>\n<li class=\"teasertext\"><a href=\"http:\/\/autoservice-kaborn.de\/wordpress\/pkw-quickcheck\/\">PKW Quick Check<\/a><\/li>\n<\/ul>\n<\/div>\n<\/div>\n<\/div>\n","protected":false},"excerpt":{"rendered":"<p>Auf den folgenden Seiten k\u00f6nnen Sie sich einen \u00dcberblick \u00fcber unser umfassendes KFZ-Serviceangebot machen: Reparaturen, Unfall-Instandsetzung Reifen- und Bremsenservice Inspektion, HU &amp; AU Elektronik-Diagnose Klimaservice PKW Quick Check<\/p>\n","protected":false},"author":1,"featured_media":0,"parent":0,"menu_order":0,"comment_status":"closed","ping_status":"closed","template":"","meta":[],"_links":{"self":[{"href":"https:\/\/autoservice-grevenbroich.de\/wordpress\/wp-json\/wp\/v2\/pages\/167"}],"collection":[{"href":"https:\/\/autoservice-grevenbroich.de\/wordpress\/wp-json\/wp\/v2\/pages"}],"about":[{"href":"https:\/\/autoservice-grevenbroich.de\/wordpress\/wp-json\/wp\/v2\/types\/page"}],"author":[{"embeddable":true,"href":"https:\/\/autoservice-grevenbroich.de\/wordpress\/wp-json\/wp\/v2\/users\/1"}],"replies":[{"embeddable":true,"href":"https:\/\/autoservice-grevenbroich.de\/wordpress\/wp-json\/wp\/v2\/comments?post=167"}],"version-history":[{"count":7,"href":"https:\/\/autoservice-grevenbroich.de\/wordpress\/wp-json\/wp\/v2\/pages\/167\/revisions"}],"predecessor-version":[{"id":312,"href":"https:\/\/autoservice-grevenbroich.de\/wordpress\/wp-json\/wp\/v2\/pages\/167\/revisions\/312"}],"wp:attachment":[{"href":"https:\/\/autoservice-grevenbroich.de\/wordpress\/wp-json\/wp\/v2\/media?parent=167"}],"curies":[{"name":"wp","href":"https:\/\/api.w.org\/{rel}","templated":true}]}}