{"id":177,"date":"2015-05-17T21:33:40","date_gmt":"2015-05-17T19:33:40","guid":{"rendered":"http:\/\/autoservice-kaborn.de\/wordpress\/?page_id=177"},"modified":"2016-04-17T20:13:44","modified_gmt":"2016-04-17T18:13:44","slug":"pkw-quickcheck","status":"publish","type":"page","link":"https:\/\/autoservice-grevenbroich.de\/wordpress\/pkw-quickcheck\/","title":{"rendered":"PKW Quickcheck"},"content":{"rendered":"<p><a href=\"http:\/\/autoservice-kaborn.de\/wordpress\/wp-content\/uploads\/2015\/05\/motorraum02.jpg\"><img loading=\"lazy\" class=\"alignleft  wp-image-288\" src=\"http:\/\/autoservice-kaborn.de\/wordpress\/wp-content\/uploads\/2015\/05\/motorraum02.jpg\" alt=\"motorraum02\" width=\"360\" height=\"220\" srcset=\"https:\/\/autoservice-grevenbroich.de\/wordpress\/wp-content\/uploads\/2015\/05\/motorraum02.jpg 1280w, https:\/\/autoservice-grevenbroich.de\/wordpress\/wp-content\/uploads\/2015\/05\/motorraum02-300x184.jpg 300w, https:\/\/autoservice-grevenbroich.de\/wordpress\/wp-content\/uploads\/2015\/05\/motorraum02-768x470.jpg 768w, https:\/\/autoservice-grevenbroich.de\/wordpress\/wp-content\/uploads\/2015\/05\/motorraum02-1024x626.jpg 1024w\" sizes=\"(max-width: 360px) 100vw, 360px\" \/><\/a><\/p>\n<p>Ihr Fahrzeug ist gut in Schuss? Es steht eine Urlaubsfahrt oder der Jahreszeitenwechsel vor der T\u00fcr? Dann pr\u00fcfen wir nur die wichtigsten Punkte Ihres Autos f\u00fcr einen fairen Festpreis ohne hohe Kosten einer Inspektion.<br \/>\nEntsprechende aktuelle Angebote erfragen Sie bitte zu unseren Gesch\u00e4ftszeiten.<\/p>\n","protected":false},"excerpt":{"rendered":"<p>Ihr Fahrzeug ist gut in Schuss? Es steht eine Urlaubsfahrt oder der Jahreszeitenwechsel vor der T\u00fcr? Dann pr\u00fcfen wir nur die wichtigsten Punkte Ihres Autos f\u00fcr einen fairen Festpreis ohne hohe Kosten einer Inspektion. Entsprechende aktuelle Angebote erfragen Sie bitte zu unseren Gesch\u00e4ftszeiten.<\/p>\n","protected":false},"author":1,"featured_media":0,"parent":0,"menu_order":0,"comment_status":"closed","ping_status":"closed","template":"","meta":{"ngg_post_thumbnail":0},"yoast_head":"<!-- This site is optimized with the Yoast SEO plugin v18.4.1 - https:\/\/yoast.com\/wordpress\/plugins\/seo\/ -->\n<title>PKW Quickcheck - Autoservice-Grevenbroich.de<\/title>\n<meta name=\"robots\" content=\"index, follow, max-snippet:-1, max-image-preview:large, max-video-preview:-1\" \/>\n<link rel=\"canonical\" href=\"https:\/\/autoservice-grevenbroich.de\/wordpress\/pkw-quickcheck\/\" \/>\n<meta property=\"og:locale\" content=\"de_DE\" \/>\n<meta property=\"og:type\" content=\"article\" \/>\n<meta property=\"og:title\" content=\"PKW Quickcheck - Autoservice-Grevenbroich.de\" \/>\n<meta property=\"og:description\" content=\"Ihr Fahrzeug ist gut in Schuss? Es steht eine Urlaubsfahrt oder der Jahreszeitenwechsel vor der T\u00fcr? Dann pr\u00fcfen wir nur die wichtigsten Punkte Ihres Autos f\u00fcr einen fairen Festpreis ohne hohe Kosten einer Inspektion. Entsprechende aktuelle Angebote erfragen Sie bitte zu unseren Gesch\u00e4ftszeiten.\" \/>\n<meta property=\"og:url\" content=\"https:\/\/autoservice-grevenbroich.de\/wordpress\/pkw-quickcheck\/\" \/>\n<meta property=\"og:site_name\" content=\"Autoservice-Grevenbroich.de\" \/>\n<meta property=\"article:modified_time\" content=\"2016-04-17T18:13:44+00:00\" \/>\n<meta property=\"og:image\" content=\"http:\/\/autoservice-kaborn.de\/wordpress\/wp-content\/uploads\/2015\/05\/motorraum02.jpg\" \/>\n<meta name=\"twitter:card\" content=\"summary_large_image\" \/>\n<script type=\"application\/ld+json\" class=\"yoast-schema-graph\">{\"@context\":\"https:\/\/schema.org\",\"@graph\":[{\"@type\":\"Organization\",\"@id\":\"https:\/\/autoservice-grevenbroich.de\/wordpress\/#organization\",\"name\":\"Autoservice Grevenbroich\",\"url\":\"https:\/\/autoservice-grevenbroich.de\/wordpress\/\",\"sameAs\":[],\"logo\":{\"@type\":\"ImageObject\",\"@id\":\"https:\/\/autoservice-grevenbroich.de\/wordpress\/#logo\",\"inLanguage\":\"de\",\"url\":\"https:\/\/autoservice-grevenbroich.de\/wordpress\/wp-content\/uploads\/2019\/11\/Logo_Autoservice-Grevenbroich.png\",\"contentUrl\":\"https:\/\/autoservice-grevenbroich.de\/wordpress\/wp-content\/uploads\/2019\/11\/Logo_Autoservice-Grevenbroich.png\",\"width\":320,\"height\":93,\"caption\":\"Autoservice Grevenbroich\"},\"image\":{\"@id\":\"https:\/\/autoservice-grevenbroich.de\/wordpress\/#logo\"}},{\"@type\":\"WebSite\",\"@id\":\"https:\/\/autoservice-grevenbroich.de\/wordpress\/#website\",\"url\":\"https:\/\/autoservice-grevenbroich.de\/wordpress\/\",\"name\":\"Autoservice-Grevenbroich.de\",\"description\":\"\",\"publisher\":{\"@id\":\"https:\/\/autoservice-grevenbroich.de\/wordpress\/#organization\"},\"potentialAction\":[{\"@type\":\"SearchAction\",\"target\":{\"@type\":\"EntryPoint\",\"urlTemplate\":\"https:\/\/autoservice-grevenbroich.de\/wordpress\/?s={search_term_string}\"},\"query-input\":\"required name=search_term_string\"}],\"inLanguage\":\"de\"},{\"@type\":\"ImageObject\",\"@id\":\"https:\/\/autoservice-grevenbroich.de\/wordpress\/pkw-quickcheck\/#primaryimage\",\"inLanguage\":\"de\",\"url\":\"http:\/\/autoservice-kaborn.de\/wordpress\/wp-content\/uploads\/2015\/05\/motorraum02.jpg\",\"contentUrl\":\"http:\/\/autoservice-kaborn.de\/wordpress\/wp-content\/uploads\/2015\/05\/motorraum02.jpg\"},{\"@type\":\"WebPage\",\"@id\":\"https:\/\/autoservice-grevenbroich.de\/wordpress\/pkw-quickcheck\/#webpage\",\"url\":\"https:\/\/autoservice-grevenbroich.de\/wordpress\/pkw-quickcheck\/\",\"name\":\"PKW Quickcheck - Autoservice-Grevenbroich.de\",\"isPartOf\":{\"@id\":\"https:\/\/autoservice-grevenbroich.de\/wordpress\/#website\"},\"primaryImageOfPage\":{\"@id\":\"https:\/\/autoservice-grevenbroich.de\/wordpress\/pkw-quickcheck\/#primaryimage\"},\"datePublished\":\"2015-05-17T19:33:40+00:00\",\"dateModified\":\"2016-04-17T18:13:44+00:00\",\"breadcrumb\":{\"@id\":\"https:\/\/autoservice-grevenbroich.de\/wordpress\/pkw-quickcheck\/#breadcrumb\"},\"inLanguage\":\"de\",\"potentialAction\":[{\"@type\":\"ReadAction\",\"target\":[\"https:\/\/autoservice-grevenbroich.de\/wordpress\/pkw-quickcheck\/\"]}]},{\"@type\":\"BreadcrumbList\",\"@id\":\"https:\/\/autoservice-grevenbroich.de\/wordpress\/pkw-quickcheck\/#breadcrumb\",\"itemListElement\":[{\"@type\":\"ListItem\",\"position\":1,\"name\":\"Startseite\",\"item\":\"https:\/\/autoservice-grevenbroich.de\/wordpress\/\"},{\"@type\":\"ListItem\",\"position\":2,\"name\":\"PKW Quickcheck\"}]}]}<\/script>\n<!-- \/ Yoast SEO plugin. -->","yoast_head_json":{"title":"PKW Quickcheck - Autoservice-Grevenbroich.de","robots":{"index":"index","follow":"follow","max-snippet":"max-snippet:-1","max-image-preview":"max-image-preview:large","max-video-preview":"max-video-preview:-1"},"canonical":"https:\/\/autoservice-grevenbroich.de\/wordpress\/pkw-quickcheck\/","og_locale":"de_DE","og_type":"article","og_title":"PKW Quickcheck - Autoservice-Grevenbroich.de","og_description":"Ihr Fahrzeug ist gut in Schuss? Es steht eine Urlaubsfahrt oder der Jahreszeitenwechsel vor der T\u00fcr? Dann pr\u00fcfen wir nur die wichtigsten Punkte Ihres Autos f\u00fcr einen fairen Festpreis ohne hohe Kosten einer Inspektion. Entsprechende aktuelle Angebote erfragen Sie bitte zu unseren Gesch\u00e4ftszeiten.","og_url":"https:\/\/autoservice-grevenbroich.de\/wordpress\/pkw-quickcheck\/","og_site_name":"Autoservice-Grevenbroich.de","article_modified_time":"2016-04-17T18:13:44+00:00","og_image":[{"url":"http:\/\/autoservice-kaborn.de\/wordpress\/wp-content\/uploads\/2015\/05\/motorraum02.jpg"}],"twitter_card":"summary_large_image","schema":{"@context":"https:\/\/schema.org","@graph":[{"@type":"Organization","@id":"https:\/\/autoservice-grevenbroich.de\/wordpress\/#organization","name":"Autoservice Grevenbroich","url":"https:\/\/autoservice-grevenbroich.de\/wordpress\/","sameAs":[],"logo":{"@type":"ImageObject","@id":"https:\/\/autoservice-grevenbroich.de\/wordpress\/#logo","inLanguage":"de","url":"https:\/\/autoservice-grevenbroich.de\/wordpress\/wp-content\/uploads\/2019\/11\/Logo_Autoservice-Grevenbroich.png","contentUrl":"https:\/\/autoservice-grevenbroich.de\/wordpress\/wp-content\/uploads\/2019\/11\/Logo_Autoservice-Grevenbroich.png","width":320,"height":93,"caption":"Autoservice Grevenbroich"},"image":{"@id":"https:\/\/autoservice-grevenbroich.de\/wordpress\/#logo"}},{"@type":"WebSite","@id":"https:\/\/autoservice-grevenbroich.de\/wordpress\/#website","url":"https:\/\/autoservice-grevenbroich.de\/wordpress\/","name":"Autoservice-Grevenbroich.de","description":"","publisher":{"@id":"https:\/\/autoservice-grevenbroich.de\/wordpress\/#organization"},"potentialAction":[{"@type":"SearchAction","target":{"@type":"EntryPoint","urlTemplate":"https:\/\/autoservice-grevenbroich.de\/wordpress\/?s={search_term_string}"},"query-input":"required name=search_term_string"}],"inLanguage":"de"},{"@type":"ImageObject","@id":"https:\/\/autoservice-grevenbroich.de\/wordpress\/pkw-quickcheck\/#primaryimage","inLanguage":"de","url":"http:\/\/autoservice-kaborn.de\/wordpress\/wp-content\/uploads\/2015\/05\/motorraum02.jpg","contentUrl":"http:\/\/autoservice-kaborn.de\/wordpress\/wp-content\/uploads\/2015\/05\/motorraum02.jpg"},{"@type":"WebPage","@id":"https:\/\/autoservice-grevenbroich.de\/wordpress\/pkw-quickcheck\/#webpage","url":"https:\/\/autoservice-grevenbroich.de\/wordpress\/pkw-quickcheck\/","name":"PKW Quickcheck - Autoservice-Grevenbroich.de","isPartOf":{"@id":"https:\/\/autoservice-grevenbroich.de\/wordpress\/#website"},"primaryImageOfPage":{"@id":"https:\/\/autoservice-grevenbroich.de\/wordpress\/pkw-quickcheck\/#primaryimage"},"datePublished":"2015-05-17T19:33:40+00:00","dateModified":"2016-04-17T18:13:44+00:00","breadcrumb":{"@id":"https:\/\/autoservice-grevenbroich.de\/wordpress\/pkw-quickcheck\/#breadcrumb"},"inLanguage":"de","potentialAction":[{"@type":"ReadAction","target":["https:\/\/autoservice-grevenbroich.de\/wordpress\/pkw-quickcheck\/"]}]},{"@type":"BreadcrumbList","@id":"https:\/\/autoservice-grevenbroich.de\/wordpress\/pkw-quickcheck\/#breadcrumb","itemListElement":[{"@type":"ListItem","position":1,"name":"Startseite","item":"https:\/\/autoservice-grevenbroich.de\/wordpress\/"},{"@type":"ListItem","position":2,"name":"PKW Quickcheck"}]}]}},"_links":{"self":[{"href":"https:\/\/autoservice-grevenbroich.de\/wordpress\/wp-json\/wp\/v2\/pages\/177"}],"collection":[{"href":"https:\/\/autoservice-grevenbroich.de\/wordpress\/wp-json\/wp\/v2\/pages"}],"about":[{"href":"https:\/\/autoservice-grevenbroich.de\/wordpress\/wp-json\/wp\/v2\/types\/page"}],"author":[{"embeddable":true,"href":"https:\/\/autoservice-grevenbroich.de\/wordpress\/wp-json\/wp\/v2\/users\/1"}],"replies":[{"embeddable":true,"href":"https:\/\/autoservice-grevenbroich.de\/wordpress\/wp-json\/wp\/v2\/comments?post=177"}],"version-history":[{"count":4,"href":"https:\/\/autoservice-grevenbroich.de\/wordpress\/wp-json\/wp\/v2\/pages\/177\/revisions"}],"predecessor-version":[{"id":290,"href":"https:\/\/autoservice-grevenbroich.de\/wordpress\/wp-json\/wp\/v2\/pages\/177\/revisions\/290"}],"wp:attachment":[{"href":"https:\/\/autoservice-grevenbroich.de\/wordpress\/wp-json\/wp\/v2\/media?parent=177"}],"curies":[{"name":"wp","href":"https:\/\/api.w.org\/{rel}","templated":true}]}}