{"id":54,"date":"2015-05-07T21:13:05","date_gmt":"2015-05-07T19:13:05","guid":{"rendered":"http:\/\/autoservice-kaborn.de\/wordpress\/?page_id=54"},"modified":"2019-11-15T19:55:50","modified_gmt":"2019-11-15T18:55:50","slug":"kontakt","status":"publish","type":"page","link":"https:\/\/autoservice-grevenbroich.de\/wordpress\/kontakt\/","title":{"rendered":"Kontakt"},"content":{"rendered":"<p>F\u00fcr Informationen und Terminvereinbarungen stehen wir Ihnen unter folgenden<a href=\"http:\/\/autoservice-kaborn.de\/wordpress\/wp-content\/uploads\/2015\/05\/email_man.jpg\"><img loading=\"lazy\" width=\"198\" height=\"236\" class=\"wp-image-324 alignleft\" alt=\"email_man\" src=\"http:\/\/autoservice-kaborn.de\/wordpress\/wp-content\/uploads\/2015\/05\/email_man.jpg\" srcset=\"https:\/\/autoservice-grevenbroich.de\/wordpress\/wp-content\/uploads\/2015\/05\/email_man.jpg 536w, https:\/\/autoservice-grevenbroich.de\/wordpress\/wp-content\/uploads\/2015\/05\/email_man-251x300.jpg 251w\" sizes=\"(max-width: 198px) 100vw, 198px\" \/><\/a> Kontaktm\u00f6glichkeiten zur Verf\u00fcgung:<\/p>\n<p>Tel.: 02181 &#8211; 3526<br \/>\nFax: 02181 &#8211; 16 25 73<\/p>\n<p>Senden Sie Ihre Anfrage gerne an die folgende Emailadresse:<\/p>\n<p>eMail: <a href=\"mailto:info@autoservice-grevenbroich.de\">info@autoservice-grevenbroich.de<\/a><\/p>\n<p>&nbsp;<\/p>\n<p>&nbsp;<\/p>\n","protected":false},"excerpt":{"rendered":"<p>F\u00fcr Informationen und Terminvereinbarungen stehen wir Ihnen unter folgenden Kontaktm\u00f6glichkeiten zur Verf\u00fcgung: Tel.: 02181 &#8211; 3526 Fax: 02181 &#8211; 16 25 73 Senden Sie Ihre Anfrage gerne an die folgende Emailadresse: eMail: info@autoservice-grevenbroich.de &nbsp; &nbsp;<\/p>\n","protected":false},"author":1,"featured_media":0,"parent":0,"menu_order":0,"comment_status":"closed","ping_status":"closed","template":"","meta":[],"_links":{"self":[{"href":"https:\/\/autoservice-grevenbroich.de\/wordpress\/wp-json\/wp\/v2\/pages\/54"}],"collection":[{"href":"https:\/\/autoservice-grevenbroich.de\/wordpress\/wp-json\/wp\/v2\/pages"}],"about":[{"href":"https:\/\/autoservice-grevenbroich.de\/wordpress\/wp-json\/wp\/v2\/types\/page"}],"author":[{"embeddable":true,"href":"https:\/\/autoservice-grevenbroich.de\/wordpress\/wp-json\/wp\/v2\/users\/1"}],"replies":[{"embeddable":true,"href":"https:\/\/autoservice-grevenbroich.de\/wordpress\/wp-json\/wp\/v2\/comments?post=54"}],"version-history":[{"count":19,"href":"https:\/\/autoservice-grevenbroich.de\/wordpress\/wp-json\/wp\/v2\/pages\/54\/revisions"}],"predecessor-version":[{"id":395,"href":"https:\/\/autoservice-grevenbroich.de\/wordpress\/wp-json\/wp\/v2\/pages\/54\/revisions\/395"}],"wp:attachment":[{"href":"https:\/\/autoservice-grevenbroich.de\/wordpress\/wp-json\/wp\/v2\/media?parent=54"}],"curies":[{"name":"wp","href":"https:\/\/api.w.org\/{rel}","templated":true}]}}