{"id":64,"date":"2015-05-07T22:19:29","date_gmt":"2015-05-07T20:19:29","guid":{"rendered":"http:\/\/autoservice-kaborn.de\/wordpress\/?page_id=64"},"modified":"2016-11-16T14:17:36","modified_gmt":"2016-11-16T13:17:36","slug":"ueber-uns","status":"publish","type":"page","link":"https:\/\/autoservice-grevenbroich.de\/wordpress\/ueber-uns\/","title":{"rendered":"Infos"},"content":{"rendered":"<p>&nbsp;<\/p>\n<h3>KFZ-Arbeiten aller Art<\/h3>\n<div class=\"sidepicture\"><a href=\"http:\/\/autoservice-kaborn.de\/wordpress\/wp-content\/uploads\/2015\/05\/motorraum.jpg\"><img loading=\"lazy\" class=\" size-full wp-image-40 alignleft\" src=\"http:\/\/autoservice-kaborn.de\/wordpress\/wp-content\/uploads\/2015\/05\/motorraum.jpg\" alt=\"\" height=\"120\" width=\"160\" srcset=\"https:\/\/autoservice-grevenbroich.de\/wordpress\/wp-content\/uploads\/2015\/05\/motorraum.jpg 160w, https:\/\/autoservice-grevenbroich.de\/wordpress\/wp-content\/uploads\/2015\/05\/motorraum-135x100.jpg 135w\" sizes=\"(max-width: 160px) 100vw, 160px\" \/><\/a>Als freie Kfz-Werkstatt sind wir nicht Marken- oder Herstellergebunden. F\u00fcr Sie bedeutet das voller Serviceumfang zu fairen Preisen.<\/div>\n<div class=\"sidepicture\">&nbsp;<\/div>\n<div class=\"sidepicture\">Von der Abgasuntersuchung (AU) und T\u00dcV-Pr\u00fcfung, kleinen und gro\u00dfen Reparaturen, der Unfall-Instandsetzung bis hin zum Einbau von Zubeh\u00f6r und Extras: Wir k\u00fcmmern uns kompetent und zuverl\u00e4ssig um alle Belange Ihrer Fahrzeuge.<\/div>\n<div class=\"sidepicture\">&nbsp;<\/div>\n<div class=\"sidepicture\">Was auch immer Sie zu uns f\u00fchrt, bei uns werden Qualit\u00e4t und die Zufriedenheit unserer Kunden gro\u00df geschrieben. Massenabfertigungen sind nicht unser Ding: Wir nehmen uns immer die Zeit, um auf Ihre W\u00fcnsche einzugehen und Sie umfassend zu beraten. Das Fahrzeug spielt dabei keine Rolle. Ob neu oder alt, wir helfen Ihnen gerne.<\/div>\n<p>&nbsp;<\/p>\n","protected":false},"excerpt":{"rendered":"<p>&nbsp; KFZ-Arbeiten aller Art Als freie Kfz-Werkstatt sind wir nicht Marken- oder Herstellergebunden. F\u00fcr Sie bedeutet das voller Serviceumfang zu fairen Preisen. &nbsp; Von der Abgasuntersuchung (AU) und T\u00dcV-Pr\u00fcfung, kleinen und gro\u00dfen Reparaturen, der Unfall-Instandsetzung bis hin zum Einbau von Zubeh\u00f6r und Extras: Wir k\u00fcmmern uns kompetent und zuverl\u00e4ssig um alle Belange Ihrer Fahrzeuge. &nbsp; [&hellip;]<\/p>\n","protected":false},"author":1,"featured_media":0,"parent":0,"menu_order":0,"comment_status":"closed","ping_status":"closed","template":"","meta":[],"_links":{"self":[{"href":"https:\/\/autoservice-grevenbroich.de\/wordpress\/wp-json\/wp\/v2\/pages\/64"}],"collection":[{"href":"https:\/\/autoservice-grevenbroich.de\/wordpress\/wp-json\/wp\/v2\/pages"}],"about":[{"href":"https:\/\/autoservice-grevenbroich.de\/wordpress\/wp-json\/wp\/v2\/types\/page"}],"author":[{"embeddable":true,"href":"https:\/\/autoservice-grevenbroich.de\/wordpress\/wp-json\/wp\/v2\/users\/1"}],"replies":[{"embeddable":true,"href":"https:\/\/autoservice-grevenbroich.de\/wordpress\/wp-json\/wp\/v2\/comments?post=64"}],"version-history":[{"count":8,"href":"https:\/\/autoservice-grevenbroich.de\/wordpress\/wp-json\/wp\/v2\/pages\/64\/revisions"}],"predecessor-version":[{"id":344,"href":"https:\/\/autoservice-grevenbroich.de\/wordpress\/wp-json\/wp\/v2\/pages\/64\/revisions\/344"}],"wp:attachment":[{"href":"https:\/\/autoservice-grevenbroich.de\/wordpress\/wp-json\/wp\/v2\/media?parent=64"}],"curies":[{"name":"wp","href":"https:\/\/api.w.org\/{rel}","templated":true}]}}